{"id":4950,"date":"2025-01-30T14:45:25","date_gmt":"2025-01-30T13:45:25","guid":{"rendered":"https:\/\/new.sportyneo.com\/?page_id=4950"},"modified":"2025-04-24T10:37:04","modified_gmt":"2025-04-24T08:37:04","slug":"tu-es-preinscrit","status":"publish","type":"page","link":"https:\/\/new.sportyneo.com\/en\/tu-es-preinscrit\/","title":{"rendered":"Tu es pr\u00e9inscrit"},"content":{"rendered":"<div data-elementor-type=\"wp-page\" data-elementor-id=\"4950\" class=\"elementor elementor-4950\" data-elementor-post-type=\"page\">\n\t\t\t\t<div class=\"elementor-element elementor-element-609a99d e-flex e-con-boxed wpr-particle-no wpr-jarallax-no wpr-parallax-no wpr-sticky-section-no wpr-equal-height-no e-con e-parent\" data-id=\"609a99d\" data-element_type=\"container\" data-e-type=\"container\">\n\t\t\t\t\t<div class=\"e-con-inner\">\n\t\t<div class=\"elementor-element elementor-element-e89cfce e-con-full e-flex wpr-particle-no wpr-jarallax-no wpr-parallax-no wpr-sticky-section-no wpr-equal-height-no e-con e-child\" data-id=\"e89cfce\" data-element_type=\"container\" data-e-type=\"container\">\n\t\t<div class=\"elementor-element elementor-element-c948c88 e-con-full e-flex wpr-particle-no wpr-jarallax-no wpr-parallax-no wpr-sticky-section-no wpr-equal-height-no e-con e-child\" data-id=\"c948c88\" data-element_type=\"container\" data-e-type=\"container\">\n\t\t\t\t<div class=\"elementor-element elementor-element-73361aa exad-sticky-section-no exad-glass-effect-no elementor-widget elementor-widget-heading\" data-id=\"73361aa\" data-element_type=\"widget\" data-e-type=\"widget\" data-widget_type=\"heading.default\">\n\t\t\t\t<div class=\"elementor-widget-container\">\n\t\t\t\t\t<h2 class=\"elementor-heading-title elementor-size-default\">\n\n<span style=\"position: relative;color: inherit\">Tu es pr\u00e9-inscrit !<span style=\"position: absolute;left: -7px;right: -7px;bottom: 0;height: 26px;background-color: #CDD7FA;border-radius: 23px;z-index: -1\"><\/span><\/span> <\/h2>\t\t\t\t<\/div>\n\t\t\t\t<\/div>\n\t\t\t\t<div class=\"elementor-element elementor-element-c0cc9af exad-sticky-section-no exad-glass-effect-no elementor-widget elementor-widget-heading\" data-id=\"c0cc9af\" data-element_type=\"widget\" data-e-type=\"widget\" data-widget_type=\"heading.default\">\n\t\t\t\t<div class=\"elementor-widget-container\">\n\t\t\t\t\t<h2 class=\"elementor-heading-title elementor-size-default\">On t'informe d\u00e8s que la carte est pr\u00eate \u00e0 sortir !<\/h2>\t\t\t\t<\/div>\n\t\t\t\t<\/div>\n\t\t\t\t<div class=\"elementor-element elementor-element-319b469 exad-sticky-section-no exad-glass-effect-no elementor-widget elementor-widget-text-editor\" data-id=\"319b469\" data-element_type=\"widget\" data-e-type=\"widget\" data-widget_type=\"text-editor.default\">\n\t\t\t\t<div class=\"elementor-widget-container\">\n\t\t\t\t\t\t\t\t\t<p>Si tu as encore 30 secondes, n&rsquo;h\u00e9site pas \u00e0 r\u00e9pondre aux 4 champs ci-dessous. \u00c7a nous permettra d&rsquo;affiner notre offre SPORTYNEO.<\/p>\t\t\t\t\t\t\t\t<\/div>\n\t\t\t\t<\/div>\n\t\t\t\t<div class=\"elementor-element elementor-element-4198402 exad-sticky-section-no exad-glass-effect-no elementor-widget elementor-widget-html\" data-id=\"4198402\" data-element_type=\"widget\" data-e-type=\"widget\" data-widget_type=\"html.default\">\n\t\t\t\t<div class=\"elementor-widget-container\">\n\t\t\t\t\t<div class=\"pipedriveWebForms\" data-pd-webforms=\"https:\/\/webforms.pipedrive.com\/f\/czI93EIpM7sHo7SF2mw5cqwLTOd0cCjmuV9c8LgZ1AP2UY0F2haYUtFRx8mFSSEjTR\"><script src=\"https:\/\/webforms.pipedrive.com\/f\/loader\"><\/script><\/div>\t\t\t\t<\/div>\n\t\t\t\t<\/div>\n\t\t\t\t<\/div>\n\t\t<div class=\"elementor-element elementor-element-93a808c e-con-full e-flex wpr-particle-no wpr-jarallax-no wpr-parallax-no wpr-sticky-section-no wpr-equal-height-no e-con e-child\" data-id=\"93a808c\" data-element_type=\"container\" data-e-type=\"container\" data-settings=\"{&quot;background_background&quot;:&quot;classic&quot;}\">\n\t\t\t\t<div class=\"elementor-element elementor-element-1c6a72e exad-sticky-section-no exad-glass-effect-no elementor-widget elementor-widget-image\" data-id=\"1c6a72e\" data-element_type=\"widget\" data-e-type=\"widget\" data-widget_type=\"image.default\">\n\t\t\t\t<div class=\"elementor-widget-container\">\n\t\t\t\t\t\t\t\t\t\t\t\t\t\t\t<img fetchpriority=\"high\" decoding=\"async\" width=\"1080\" height=\"1350\" src=\"https:\/\/new.sportyneo.com\/wp-content\/uploads\/2025\/04\/POSTS-SPORTYNEO-CARTE-2.png\" class=\"elementor-animation-grow attachment-full size-full wp-image-6546\" alt=\"\" srcset=\"https:\/\/new.sportyneo.com\/wp-content\/uploads\/2025\/04\/POSTS-SPORTYNEO-CARTE-2.png 1080w, https:\/\/new.sportyneo.com\/wp-content\/uploads\/2025\/04\/POSTS-SPORTYNEO-CARTE-2-240x300.png 240w, https:\/\/new.sportyneo.com\/wp-content\/uploads\/2025\/04\/POSTS-SPORTYNEO-CARTE-2-819x1024.png 819w, https:\/\/new.sportyneo.com\/wp-content\/uploads\/2025\/04\/POSTS-SPORTYNEO-CARTE-2-768x960.png 768w, https:\/\/new.sportyneo.com\/wp-content\/uploads\/2025\/04\/POSTS-SPORTYNEO-CARTE-2-10x12.png 10w\" sizes=\"(max-width: 1080px) 100vw, 1080px\" \/>\t\t\t\t\t\t\t\t\t\t\t\t\t\t\t<\/div>\n\t\t\t\t<\/div>\n\t\t\t\t<\/div>\n\t\t\t\t<\/div>\n\t\t\t\t\t<\/div>\n\t\t\t\t<\/div>\n\t\t\t\t<\/div>","protected":false},"excerpt":{"rendered":"<p>Tu es pr\u00e9-inscrit ! On t&rsquo;informe d\u00e8s que la carte est pr\u00eate \u00e0 sortir ! Si tu as encore 30 secondes, n&rsquo;h\u00e9site pas \u00e0 r\u00e9pondre aux 4 champs ci-dessous. \u00c7a nous permettra d&rsquo;affiner notre offre SPORTYNEO.<\/p>\n<div class=\"pvc_clear\"><\/div>\n<p id=\"pvc_stats_4950\" class=\"pvc_stats all\" data-element-id=\"4950\" style=\"\"><i class=\"pvc-stats-icon medium\" aria-hidden=\"true\"><svg xmlns=\"http:\/\/www.w3.org\/2000\/svg\" version=\"1.0\" viewbox=\"0 0 502 315\" preserveaspectratio=\"xMidYMid meet\"><g transform=\"translate(0,332) scale(0.1,-0.1)\" fill=\"\" stroke=\"none\"><path d=\"M2394 3279 l-29 -30 -3 -207 c-2 -182 0 -211 15 -242 39 -76 157 -76 196 0 15 31 17 60 15 243 l-3 209 -33 29 c-26 23 -41 29 -80 29 -41 0 -53 -5 -78 -31z\"\/><path d=\"M3085 3251 c-45 -19 -58 -50 -96 -229 -47 -217 -49 -260 -13 -295 52 -53 146 -42 177 20 16 31 87 366 87 410 0 70 -86 122 -155 94z\"\/><path d=\"M1751 3234 c-13 -9 -29 -31 -37 -50 -12 -29 -10 -49 21 -204 19 -94 39 -189 45 -210 14 -50 54 -80 110 -80 34 0 48 6 76 34 21 21 34 44 34 59 0 14 -18 113 -40 219 -37 178 -43 195 -70 221 -36 32 -101 37 -139 11z\"\/><path d=\"M1163 3073 c-36 -7 -73 -59 -73 -102 0 -56 133 -378 171 -413 34 -32 83 -37 129 -13 70 36 67 87 -16 290 -86 209 -89 214 -129 231 -35 14 -42 15 -82 7z\"\/><path d=\"M3689 3066 c-15 -9 -33 -30 -42 -48 -48 -103 -147 -355 -147 -375 0 -98 131 -148 192 -74 13 15 57 108 97 206 80 196 84 226 37 273 -30 30 -99 39 -137 18z\"\/><path d=\"M583 2784 c-38 -19 -67 -74 -58 -113 9 -42 211 -354 242 -373 16 -10 45 -18 66 -18 51 0 107 52 107 100 0 39 -1 41 -124 234 -80 126 -108 162 -133 173 -41 17 -61 16 -100 -3z\"\/><path d=\"M4250 2784 c-14 -9 -74 -91 -133 -183 -95 -150 -107 -173 -107 -213 0 -55 33 -94 87 -104 67 -13 90 8 211 198 130 202 137 225 78 284 -27 27 -42 34 -72 34 -22 0 -50 -8 -64 -16z\"\/><path d=\"M2275 2693 c-553 -48 -1095 -270 -1585 -649 -135 -104 -459 -423 -483 -476 -23 -49 -22 -139 2 -186 73 -142 361 -457 571 -626 285 -228 642 -407 990 -497 242 -63 336 -73 660 -74 310 0 370 5 595 52 535 111 1045 392 1455 803 122 121 250 273 275 326 19 41 19 137 0 174 -41 79 -309 363 -465 492 -447 370 -946 591 -1479 653 -113 14 -422 18 -536 8z m395 -428 c171 -34 330 -124 456 -258 112 -119 167 -219 211 -378 27 -96 24 -300 -5 -401 -72 -255 -236 -447 -474 -557 -132 -62 -201 -76 -368 -76 -167 0 -236 14 -368 76 -213 98 -373 271 -451 485 -162 444 86 934 547 1084 153 49 292 57 452 25z m909 -232 c222 -123 408 -262 593 -441 76 -74 138 -139 138 -144 0 -16 -233 -242 -330 -319 -155 -123 -309 -223 -461 -299 l-81 -41 32 46 c18 26 49 83 70 128 143 306 141 649 -6 957 -25 52 -61 116 -79 142 l-34 47 45 -20 c26 -10 76 -36 113 -56z m-2057 25 c-40 -58 -105 -190 -130 -263 -110 -324 -59 -707 132 -981 25 -35 42 -64 37 -64 -19 0 -241 119 -326 174 -188 122 -406 314 -532 468 l-58 71 108 103 c185 178 428 349 672 473 66 33 121 60 123 61 2 0 -10 -19 -26 -42z\"\/><path d=\"M2375 1950 c-198 -44 -350 -190 -395 -379 -18 -76 -8 -221 19 -290 114 -284 457 -406 731 -260 98 52 188 154 231 260 27 69 37 214 19 290 -38 163 -166 304 -326 360 -67 23 -215 33 -279 19z\"\/><\/g><\/svg><\/i> <img decoding=\"async\" width=\"16\" height=\"16\" alt=\"Loading\" src=\"https:\/\/new.sportyneo.com\/wp-content\/plugins\/page-views-count\/ajax-loader-2x.gif\" border=\"0\" \/><\/p>\n<div class=\"pvc_clear\"><\/div>","protected":false},"author":2,"featured_media":0,"parent":0,"menu_order":0,"comment_status":"closed","ping_status":"closed","template":"","meta":{"_uag_custom_page_level_css":"","site-sidebar-layout":"no-sidebar","site-content-layout":"page-builder","ast-site-content-layout":"full-width-container","site-content-style":"default","site-sidebar-style":"default","ast-global-header-display":"","ast-banner-title-visibility":"","ast-main-header-display":"","ast-hfb-above-header-display":"","ast-hfb-below-header-display":"","ast-hfb-mobile-header-display":"","site-post-title":"disabled","ast-breadcrumbs-content":"","ast-featured-img":"disabled","footer-sml-layout":"","ast-disable-related-posts":"","theme-transparent-header-meta":"","adv-header-id-meta":"","stick-header-meta":"","header-above-stick-meta":"","header-main-stick-meta":"","header-below-stick-meta":"","astra-migrate-meta-layouts":"set","ast-page-background-enabled":"default","ast-page-background-meta":{"desktop":{"background-color":"","background-image":"","background-repeat":"repeat","background-position":"center center","background-size":"auto","background-attachment":"scroll","background-type":"","background-media":"","overlay-type":"","overlay-color":"","overlay-opacity":"","overlay-gradient":""},"tablet":{"background-color":"","background-image":"","background-repeat":"repeat","background-position":"center center","background-size":"auto","background-attachment":"scroll","background-type":"","background-media":"","overlay-type":"","overlay-color":"","overlay-opacity":"","overlay-gradient":""},"mobile":{"background-color":"","background-image":"","background-repeat":"repeat","background-position":"center center","background-size":"auto","background-attachment":"scroll","background-type":"","background-media":"","overlay-type":"","overlay-color":"","overlay-opacity":"","overlay-gradient":""}},"ast-content-background-meta":{"desktop":{"background-color":"var(--ast-global-color-5)","background-image":"","background-repeat":"repeat","background-position":"center center","background-size":"auto","background-attachment":"scroll","background-type":"","background-media":"","overlay-type":"","overlay-color":"","overlay-opacity":"","overlay-gradient":""},"tablet":{"background-color":"var(--ast-global-color-5)","background-image":"","background-repeat":"repeat","background-position":"center center","background-size":"auto","background-attachment":"scroll","background-type":"","background-media":"","overlay-type":"","overlay-color":"","overlay-opacity":"","overlay-gradient":""},"mobile":{"background-color":"var(--ast-global-color-5)","background-image":"","background-repeat":"repeat","background-position":"center center","background-size":"auto","background-attachment":"scroll","background-type":"","background-media":"","overlay-type":"","overlay-color":"","overlay-opacity":"","overlay-gradient":""}},"footnotes":""},"class_list":["post-4950","page","type-page","status-publish","hentry"],"a3_pvc":{"activated":true,"total_views":0,"today_views":0},"yoast_head":"<!-- This site is optimized with the Yoast SEO plugin v27.4 - https:\/\/yoast.com\/product\/yoast-seo-wordpress\/ -->\n<title>Tu es pr\u00e9inscrit - Sportyneo<\/title>\n<meta name=\"robots\" content=\"index, follow, max-snippet:-1, max-image-preview:large, max-video-preview:-1\" \/>\n<link rel=\"canonical\" href=\"https:\/\/new.sportyneo.com\/en\/tu-es-preinscrit\/\" \/>\n<meta property=\"og:locale\" content=\"en_US\" \/>\n<meta property=\"og:type\" content=\"article\" \/>\n<meta property=\"og:title\" content=\"Tu es pr\u00e9inscrit - Sportyneo\" \/>\n<meta property=\"og:description\" content=\"Tu es pr\u00e9-inscrit ! On t&rsquo;informe d\u00e8s que la carte est pr\u00eate \u00e0 sortir ! Si tu as encore 30 secondes, n&rsquo;h\u00e9site pas \u00e0 r\u00e9pondre aux 4 champs ci-dessous. \u00c7a nous permettra d&rsquo;affiner notre offre SPORTYNEO.\" \/>\n<meta property=\"og:url\" content=\"https:\/\/new.sportyneo.com\/en\/tu-es-preinscrit\/\" \/>\n<meta property=\"og:site_name\" content=\"Sportyneo\" \/>\n<meta property=\"article:modified_time\" content=\"2025-04-24T08:37:04+00:00\" \/>\n<meta property=\"og:image\" content=\"https:\/\/new.sportyneo.com\/wp-content\/uploads\/2025\/04\/POSTS-SPORTYNEO-CARTE-2.png\" \/>\n<meta name=\"twitter:card\" content=\"summary_large_image\" \/>\n<script type=\"application\/ld+json\" class=\"yoast-schema-graph\">{\"@context\":\"https:\\\/\\\/schema.org\",\"@graph\":[{\"@type\":\"WebPage\",\"@id\":\"https:\\\/\\\/new.sportyneo.com\\\/tu-es-preinscrit\\\/\",\"url\":\"https:\\\/\\\/new.sportyneo.com\\\/tu-es-preinscrit\\\/\",\"name\":\"Tu es pr\u00e9inscrit - Sportyneo\",\"isPartOf\":{\"@id\":\"https:\\\/\\\/new.sportyneo.com\\\/#website\"},\"primaryImageOfPage\":{\"@id\":\"https:\\\/\\\/new.sportyneo.com\\\/tu-es-preinscrit\\\/#primaryimage\"},\"image\":{\"@id\":\"https:\\\/\\\/new.sportyneo.com\\\/tu-es-preinscrit\\\/#primaryimage\"},\"thumbnailUrl\":\"https:\\\/\\\/new.sportyneo.com\\\/wp-content\\\/uploads\\\/2025\\\/04\\\/POSTS-SPORTYNEO-CARTE-2.png\",\"datePublished\":\"2025-01-30T13:45:25+00:00\",\"dateModified\":\"2025-04-24T08:37:04+00:00\",\"breadcrumb\":{\"@id\":\"https:\\\/\\\/new.sportyneo.com\\\/tu-es-preinscrit\\\/#breadcrumb\"},\"inLanguage\":\"en-US\",\"potentialAction\":[{\"@type\":\"ReadAction\",\"target\":[\"https:\\\/\\\/new.sportyneo.com\\\/tu-es-preinscrit\\\/\"]}]},{\"@type\":\"ImageObject\",\"inLanguage\":\"en-US\",\"@id\":\"https:\\\/\\\/new.sportyneo.com\\\/tu-es-preinscrit\\\/#primaryimage\",\"url\":\"https:\\\/\\\/new.sportyneo.com\\\/wp-content\\\/uploads\\\/2025\\\/04\\\/POSTS-SPORTYNEO-CARTE-2.png\",\"contentUrl\":\"https:\\\/\\\/new.sportyneo.com\\\/wp-content\\\/uploads\\\/2025\\\/04\\\/POSTS-SPORTYNEO-CARTE-2.png\"},{\"@type\":\"BreadcrumbList\",\"@id\":\"https:\\\/\\\/new.sportyneo.com\\\/tu-es-preinscrit\\\/#breadcrumb\",\"itemListElement\":[{\"@type\":\"ListItem\",\"position\":1,\"name\":\"Home\",\"item\":\"https:\\\/\\\/new.sportyneo.com\\\/\"},{\"@type\":\"ListItem\",\"position\":2,\"name\":\"Tu es pr\u00e9inscrit\"}]},{\"@type\":\"WebSite\",\"@id\":\"https:\\\/\\\/new.sportyneo.com\\\/#website\",\"url\":\"https:\\\/\\\/new.sportyneo.com\\\/\",\"name\":\"Sportyneo\",\"description\":\"Solutions pour les associations sportives et leurs adh\u00e9rents\",\"publisher\":{\"@id\":\"https:\\\/\\\/new.sportyneo.com\\\/#organization\"},\"potentialAction\":[{\"@type\":\"SearchAction\",\"target\":{\"@type\":\"EntryPoint\",\"urlTemplate\":\"https:\\\/\\\/new.sportyneo.com\\\/?s={search_term_string}\"},\"query-input\":{\"@type\":\"PropertyValueSpecification\",\"valueRequired\":true,\"valueName\":\"search_term_string\"}}],\"inLanguage\":\"en-US\"},{\"@type\":\"Organization\",\"@id\":\"https:\\\/\\\/new.sportyneo.com\\\/#organization\",\"name\":\"Sportyneo\",\"url\":\"https:\\\/\\\/new.sportyneo.com\\\/\",\"logo\":{\"@type\":\"ImageObject\",\"inLanguage\":\"en-US\",\"@id\":\"https:\\\/\\\/new.sportyneo.com\\\/#\\\/schema\\\/logo\\\/image\\\/\",\"url\":\"https:\\\/\\\/new.sportyneo.com\\\/wp-content\\\/uploads\\\/2024\\\/10\\\/cropped-logo-sportyneo-bleu-scaled.png\",\"contentUrl\":\"https:\\\/\\\/new.sportyneo.com\\\/wp-content\\\/uploads\\\/2024\\\/10\\\/cropped-logo-sportyneo-bleu-scaled.png\",\"width\":2560,\"height\":799,\"caption\":\"Sportyneo\"},\"image\":{\"@id\":\"https:\\\/\\\/new.sportyneo.com\\\/#\\\/schema\\\/logo\\\/image\\\/\"}}]}<\/script>\n<!-- \/ Yoast SEO plugin. -->","yoast_head_json":{"title":"Tu es pr\u00e9inscrit - Sportyneo","robots":{"index":"index","follow":"follow","max-snippet":"max-snippet:-1","max-image-preview":"max-image-preview:large","max-video-preview":"max-video-preview:-1"},"canonical":"https:\/\/new.sportyneo.com\/en\/tu-es-preinscrit\/","og_locale":"en_US","og_type":"article","og_title":"Tu es pr\u00e9inscrit - Sportyneo","og_description":"Tu es pr\u00e9-inscrit ! On t&rsquo;informe d\u00e8s que la carte est pr\u00eate \u00e0 sortir ! Si tu as encore 30 secondes, n&rsquo;h\u00e9site pas \u00e0 r\u00e9pondre aux 4 champs ci-dessous. \u00c7a nous permettra d&rsquo;affiner notre offre SPORTYNEO.","og_url":"https:\/\/new.sportyneo.com\/en\/tu-es-preinscrit\/","og_site_name":"Sportyneo","article_modified_time":"2025-04-24T08:37:04+00:00","og_image":[{"url":"https:\/\/new.sportyneo.com\/wp-content\/uploads\/2025\/04\/POSTS-SPORTYNEO-CARTE-2.png","type":"","width":"","height":""}],"twitter_card":"summary_large_image","schema":{"@context":"https:\/\/schema.org","@graph":[{"@type":"WebPage","@id":"https:\/\/new.sportyneo.com\/tu-es-preinscrit\/","url":"https:\/\/new.sportyneo.com\/tu-es-preinscrit\/","name":"Tu es pr\u00e9inscrit - Sportyneo","isPartOf":{"@id":"https:\/\/new.sportyneo.com\/#website"},"primaryImageOfPage":{"@id":"https:\/\/new.sportyneo.com\/tu-es-preinscrit\/#primaryimage"},"image":{"@id":"https:\/\/new.sportyneo.com\/tu-es-preinscrit\/#primaryimage"},"thumbnailUrl":"https:\/\/new.sportyneo.com\/wp-content\/uploads\/2025\/04\/POSTS-SPORTYNEO-CARTE-2.png","datePublished":"2025-01-30T13:45:25+00:00","dateModified":"2025-04-24T08:37:04+00:00","breadcrumb":{"@id":"https:\/\/new.sportyneo.com\/tu-es-preinscrit\/#breadcrumb"},"inLanguage":"en-US","potentialAction":[{"@type":"ReadAction","target":["https:\/\/new.sportyneo.com\/tu-es-preinscrit\/"]}]},{"@type":"ImageObject","inLanguage":"en-US","@id":"https:\/\/new.sportyneo.com\/tu-es-preinscrit\/#primaryimage","url":"https:\/\/new.sportyneo.com\/wp-content\/uploads\/2025\/04\/POSTS-SPORTYNEO-CARTE-2.png","contentUrl":"https:\/\/new.sportyneo.com\/wp-content\/uploads\/2025\/04\/POSTS-SPORTYNEO-CARTE-2.png"},{"@type":"BreadcrumbList","@id":"https:\/\/new.sportyneo.com\/tu-es-preinscrit\/#breadcrumb","itemListElement":[{"@type":"ListItem","position":1,"name":"Home","item":"https:\/\/new.sportyneo.com\/"},{"@type":"ListItem","position":2,"name":"Tu es pr\u00e9inscrit"}]},{"@type":"WebSite","@id":"https:\/\/new.sportyneo.com\/#website","url":"https:\/\/new.sportyneo.com\/","name":"Sportyneo","description":"Solutions for sports associations and their members","publisher":{"@id":"https:\/\/new.sportyneo.com\/#organization"},"potentialAction":[{"@type":"SearchAction","target":{"@type":"EntryPoint","urlTemplate":"https:\/\/new.sportyneo.com\/?s={search_term_string}"},"query-input":{"@type":"PropertyValueSpecification","valueRequired":true,"valueName":"search_term_string"}}],"inLanguage":"en-US"},{"@type":"Organization","@id":"https:\/\/new.sportyneo.com\/#organization","name":"Sportyneo","url":"https:\/\/new.sportyneo.com\/","logo":{"@type":"ImageObject","inLanguage":"en-US","@id":"https:\/\/new.sportyneo.com\/#\/schema\/logo\/image\/","url":"https:\/\/new.sportyneo.com\/wp-content\/uploads\/2024\/10\/cropped-logo-sportyneo-bleu-scaled.png","contentUrl":"https:\/\/new.sportyneo.com\/wp-content\/uploads\/2024\/10\/cropped-logo-sportyneo-bleu-scaled.png","width":2560,"height":799,"caption":"Sportyneo"},"image":{"@id":"https:\/\/new.sportyneo.com\/#\/schema\/logo\/image\/"}}]}},"uagb_featured_image_src":{"full":false,"thumbnail":false,"medium":false,"medium_large":false,"large":false,"1536x1536":false,"2048x2048":false,"trp-custom-language-flag":false},"uagb_author_info":{"display_name":"Gr\u00e9goire SPORTYNEO","author_link":"https:\/\/new.sportyneo.com\/en\/author\/communicationsportyneo-com\/"},"uagb_comment_info":0,"uagb_excerpt":"Tu es pr\u00e9-inscrit ! On t&rsquo;informe d\u00e8s que la carte est pr\u00eate \u00e0 sortir ! Si tu as encore 30 secondes, n&rsquo;h\u00e9site pas \u00e0 r\u00e9pondre aux 4 champs ci-dessous. \u00c7a nous permettra d&rsquo;affiner notre offre SPORTYNEO.","_links":{"self":[{"href":"https:\/\/new.sportyneo.com\/en\/wp-json\/wp\/v2\/pages\/4950","targetHints":{"allow":["GET"]}}],"collection":[{"href":"https:\/\/new.sportyneo.com\/en\/wp-json\/wp\/v2\/pages"}],"about":[{"href":"https:\/\/new.sportyneo.com\/en\/wp-json\/wp\/v2\/types\/page"}],"author":[{"embeddable":true,"href":"https:\/\/new.sportyneo.com\/en\/wp-json\/wp\/v2\/users\/2"}],"replies":[{"embeddable":true,"href":"https:\/\/new.sportyneo.com\/en\/wp-json\/wp\/v2\/comments?post=4950"}],"version-history":[{"count":196,"href":"https:\/\/new.sportyneo.com\/en\/wp-json\/wp\/v2\/pages\/4950\/revisions"}],"predecessor-version":[{"id":6768,"href":"https:\/\/new.sportyneo.com\/en\/wp-json\/wp\/v2\/pages\/4950\/revisions\/6768"}],"wp:attachment":[{"href":"https:\/\/new.sportyneo.com\/en\/wp-json\/wp\/v2\/media?parent=4950"}],"curies":[{"name":"wp","href":"https:\/\/api.w.org\/{rel}","templated":true}]}}