{"id":2674,"date":"2024-11-21T17:44:51","date_gmt":"2024-11-21T16:44:51","guid":{"rendered":"https:\/\/new.sportyneo.com\/?page_id=2674"},"modified":"2025-05-16T17:24:53","modified_gmt":"2025-05-16T15:24:53","slug":"newsletter","status":"publish","type":"page","link":"https:\/\/new.sportyneo.com\/en\/newsletter\/","title":{"rendered":"Newsletter"},"content":{"rendered":"\t\t<div data-elementor-type=\"wp-page\" data-elementor-id=\"2674\" class=\"elementor elementor-2674\" data-elementor-post-type=\"page\">\n\t\t\t\t<div class=\"elementor-element elementor-element-65af78f1 e-flex e-con-boxed wpr-particle-no wpr-jarallax-no wpr-parallax-no wpr-sticky-section-no e-con e-parent\" data-id=\"65af78f1\" data-element_type=\"container\" data-e-type=\"container\">\n\t\t\t\t\t<div class=\"e-con-inner\">\n\t\t\t\t<div class=\"elementor-element elementor-element-5fae7a65 exad-sticky-section-no exad-glass-effect-no elementor-widget elementor-widget-heading\" data-id=\"5fae7a65\" data-element_type=\"widget\" data-e-type=\"widget\" data-widget_type=\"heading.default\">\n\t\t\t\t<div class=\"elementor-widget-container\">\n\t\t\t\t\t<h2 class=\"elementor-heading-title elementor-size-default\">Inscrivez-vous \u00e0 la Newsletter SPORTYNEO<\/h2>\t\t\t\t<\/div>\n\t\t\t\t<\/div>\n\t\t\t\t<div class=\"elementor-element elementor-element-5c5678de exad-sticky-section-no exad-glass-effect-no elementor-widget elementor-widget-text-editor\" data-id=\"5c5678de\" data-element_type=\"widget\" data-e-type=\"widget\" data-widget_type=\"text-editor.default\">\n\t\t\t\t<div class=\"elementor-widget-container\">\n\t\t\t\t\t\t\t\t\t<p>Restez inform\u00e9s des derni\u00e8res nouvelles, annonces et bons plans SPORTYNEO.<\/p>\t\t\t\t\t\t\t\t<\/div>\n\t\t\t\t<\/div>\n\t\t\t\t<div class=\"elementor-element elementor-element-1ef20a2b eael-wpforms-form-button-custom exad-sticky-section-no exad-glass-effect-no elementor-widget elementor-widget-eael-wpforms\" data-id=\"1ef20a2b\" data-element_type=\"widget\" data-e-type=\"widget\" data-widget_type=\"eael-wpforms.default\">\n\t\t\t\t<div class=\"elementor-widget-container\">\n\t\t\t\t\t            <div class=\"eael-contact-form eael-wpforms eael-wpforms-align-default\">\n                                <div class=\"wpforms-container inline-fields\" id=\"wpforms-1355\"><form id=\"wpforms-form-1355\" class=\"wpforms-validate wpforms-form\" data-formid=\"1355\" method=\"post\" enctype=\"multipart\/form-data\" action=\"\/en\/wp-json\/wp\/v2\/pages\/2674\" data-token=\"26de39d1a233a8eb052d56f5cc9da3e1\" data-token-time=\"1776613491\"><noscript class=\"wpforms-error-noscript\">Please enable JavaScript in your browser to complete this form.<\/noscript><div class=\"wpforms-field-container\"><div id=\"wpforms-1355-field_1-container\" class=\"wpforms-field wpforms-field-email\" data-field-id=\"1\"><label class=\"wpforms-field-label wpforms-label-hide\" for=\"wpforms-1355-field_1\">Email <span class=\"wpforms-required-label\">*<\/span><\/label><input type=\"email\" id=\"wpforms-1355-field_1\" class=\"wpforms-field-small wpforms-field-required\" name=\"wpforms[fields][1]\" placeholder=\"Votre email ici\" spellcheck=\"false\" required><\/div><\/div><!-- .wpforms-field-container --><div class=\"wpforms-field wpforms-field-hp\"><label for=\"wpforms-1355-field-hp\" class=\"wpforms-field-label\">Message<\/label><input type=\"text\" name=\"wpforms[hp]\" id=\"wpforms-1355-field-hp\" class=\"wpforms-field-medium\"><\/div><div class=\"wpforms-submit-container\" ><input type=\"hidden\" name=\"wpforms[id]\" value=\"1355\"><input type=\"hidden\" name=\"page_title\" value=\"\"><input type=\"hidden\" name=\"page_url\" value=\"https:\/\/new.sportyneo.com\/en\/wp-json\/wp\/v2\/pages\/2674\"><input type=\"hidden\" name=\"url_referer\" value=\"\"><button type=\"submit\" name=\"wpforms[submit]\" id=\"wpforms-submit-1355\" class=\"wpforms-submit inline-fields\" data-alt-text=\"Demande en cours d&#039;envoi...\" data-submit-text=\"S&#039;inscrire\" aria-live=\"assertive\" value=\"wpforms-submit\">S&#039;inscrire<\/button><\/div><\/form><\/div>  <!-- .wpforms-container -->            <\/div>\n\t\t\t\t<\/div>\n\t\t\t\t<\/div>\n\t\t\t\t\t<\/div>\n\t\t\t\t<\/div>\n\t\t\t\t<\/div>\n\t\t","protected":false},"excerpt":{"rendered":"<p>Inscrivez-vous \u00e0 la Newsletter SPORTYNEO Restez inform\u00e9s des derni\u00e8res nouvelles, annonces et bons plans SPORTYNEO. Please enable JavaScript in your browser to complete this form.Email *Comment S&#039;inscire<\/p>\n<div class=\"pvc_clear\"><\/div>\n<p id=\"pvc_stats_2674\" class=\"pvc_stats all\" data-element-id=\"2674\" style=\"\"><i class=\"pvc-stats-icon medium\" aria-hidden=\"true\"><svg xmlns=\"http:\/\/www.w3.org\/2000\/svg\" version=\"1.0\" viewbox=\"0 0 502 315\" preserveaspectratio=\"xMidYMid meet\"><g transform=\"translate(0,332) scale(0.1,-0.1)\" fill=\"\" stroke=\"none\"><path d=\"M2394 3279 l-29 -30 -3 -207 c-2 -182 0 -211 15 -242 39 -76 157 -76 196 0 15 31 17 60 15 243 l-3 209 -33 29 c-26 23 -41 29 -80 29 -41 0 -53 -5 -78 -31z\"\/><path d=\"M3085 3251 c-45 -19 -58 -50 -96 -229 -47 -217 -49 -260 -13 -295 52 -53 146 -42 177 20 16 31 87 366 87 410 0 70 -86 122 -155 94z\"\/><path d=\"M1751 3234 c-13 -9 -29 -31 -37 -50 -12 -29 -10 -49 21 -204 19 -94 39 -189 45 -210 14 -50 54 -80 110 -80 34 0 48 6 76 34 21 21 34 44 34 59 0 14 -18 113 -40 219 -37 178 -43 195 -70 221 -36 32 -101 37 -139 11z\"\/><path d=\"M1163 3073 c-36 -7 -73 -59 -73 -102 0 -56 133 -378 171 -413 34 -32 83 -37 129 -13 70 36 67 87 -16 290 -86 209 -89 214 -129 231 -35 14 -42 15 -82 7z\"\/><path d=\"M3689 3066 c-15 -9 -33 -30 -42 -48 -48 -103 -147 -355 -147 -375 0 -98 131 -148 192 -74 13 15 57 108 97 206 80 196 84 226 37 273 -30 30 -99 39 -137 18z\"\/><path d=\"M583 2784 c-38 -19 -67 -74 -58 -113 9 -42 211 -354 242 -373 16 -10 45 -18 66 -18 51 0 107 52 107 100 0 39 -1 41 -124 234 -80 126 -108 162 -133 173 -41 17 -61 16 -100 -3z\"\/><path d=\"M4250 2784 c-14 -9 -74 -91 -133 -183 -95 -150 -107 -173 -107 -213 0 -55 33 -94 87 -104 67 -13 90 8 211 198 130 202 137 225 78 284 -27 27 -42 34 -72 34 -22 0 -50 -8 -64 -16z\"\/><path d=\"M2275 2693 c-553 -48 -1095 -270 -1585 -649 -135 -104 -459 -423 -483 -476 -23 -49 -22 -139 2 -186 73 -142 361 -457 571 -626 285 -228 642 -407 990 -497 242 -63 336 -73 660 -74 310 0 370 5 595 52 535 111 1045 392 1455 803 122 121 250 273 275 326 19 41 19 137 0 174 -41 79 -309 363 -465 492 -447 370 -946 591 -1479 653 -113 14 -422 18 -536 8z m395 -428 c171 -34 330 -124 456 -258 112 -119 167 -219 211 -378 27 -96 24 -300 -5 -401 -72 -255 -236 -447 -474 -557 -132 -62 -201 -76 -368 -76 -167 0 -236 14 -368 76 -213 98 -373 271 -451 485 -162 444 86 934 547 1084 153 49 292 57 452 25z m909 -232 c222 -123 408 -262 593 -441 76 -74 138 -139 138 -144 0 -16 -233 -242 -330 -319 -155 -123 -309 -223 -461 -299 l-81 -41 32 46 c18 26 49 83 70 128 143 306 141 649 -6 957 -25 52 -61 116 -79 142 l-34 47 45 -20 c26 -10 76 -36 113 -56z m-2057 25 c-40 -58 -105 -190 -130 -263 -110 -324 -59 -707 132 -981 25 -35 42 -64 37 -64 -19 0 -241 119 -326 174 -188 122 -406 314 -532 468 l-58 71 108 103 c185 178 428 349 672 473 66 33 121 60 123 61 2 0 -10 -19 -26 -42z\"\/><path d=\"M2375 1950 c-198 -44 -350 -190 -395 -379 -18 -76 -8 -221 19 -290 114 -284 457 -406 731 -260 98 52 188 154 231 260 27 69 37 214 19 290 -38 163 -166 304 -326 360 -67 23 -215 33 -279 19z\"\/><\/g><\/svg><\/i> <img decoding=\"async\" width=\"16\" height=\"16\" alt=\"Loading\" src=\"https:\/\/new.sportyneo.com\/wp-content\/plugins\/page-views-count\/ajax-loader-2x.gif\" border=\"0\" \/><\/p>\n<div class=\"pvc_clear\"><\/div>","protected":false},"author":2,"featured_media":0,"parent":0,"menu_order":0,"comment_status":"closed","ping_status":"closed","template":"","meta":{"_uag_custom_page_level_css":"","site-sidebar-layout":"no-sidebar","site-content-layout":"page-builder","ast-site-content-layout":"full-width-container","site-content-style":"default","site-sidebar-style":"default","ast-global-header-display":"","ast-banner-title-visibility":"","ast-main-header-display":"","ast-hfb-above-header-display":"","ast-hfb-below-header-display":"","ast-hfb-mobile-header-display":"","site-post-title":"disabled","ast-breadcrumbs-content":"","ast-featured-img":"disabled","footer-sml-layout":"","ast-disable-related-posts":"","theme-transparent-header-meta":"","adv-header-id-meta":"","stick-header-meta":"","header-above-stick-meta":"","header-main-stick-meta":"","header-below-stick-meta":"","astra-migrate-meta-layouts":"set","ast-page-background-enabled":"default","ast-page-background-meta":{"desktop":{"background-color":"","background-image":"","background-repeat":"repeat","background-position":"center center","background-size":"auto","background-attachment":"scroll","background-type":"","background-media":"","overlay-type":"","overlay-color":"","overlay-opacity":"","overlay-gradient":""},"tablet":{"background-color":"","background-image":"","background-repeat":"repeat","background-position":"center center","background-size":"auto","background-attachment":"scroll","background-type":"","background-media":"","overlay-type":"","overlay-color":"","overlay-opacity":"","overlay-gradient":""},"mobile":{"background-color":"","background-image":"","background-repeat":"repeat","background-position":"center center","background-size":"auto","background-attachment":"scroll","background-type":"","background-media":"","overlay-type":"","overlay-color":"","overlay-opacity":"","overlay-gradient":""}},"ast-content-background-meta":{"desktop":{"background-color":"var(--ast-global-color-5)","background-image":"","background-repeat":"repeat","background-position":"center center","background-size":"auto","background-attachment":"scroll","background-type":"","background-media":"","overlay-type":"","overlay-color":"","overlay-opacity":"","overlay-gradient":""},"tablet":{"background-color":"var(--ast-global-color-5)","background-image":"","background-repeat":"repeat","background-position":"center center","background-size":"auto","background-attachment":"scroll","background-type":"","background-media":"","overlay-type":"","overlay-color":"","overlay-opacity":"","overlay-gradient":""},"mobile":{"background-color":"var(--ast-global-color-5)","background-image":"","background-repeat":"repeat","background-position":"center center","background-size":"auto","background-attachment":"scroll","background-type":"","background-media":"","overlay-type":"","overlay-color":"","overlay-opacity":"","overlay-gradient":""}},"footnotes":""},"class_list":["post-2674","page","type-page","status-publish","hentry"],"yoast_head":"<!-- This site is optimized with the Yoast SEO plugin v27.3 - https:\/\/yoast.com\/product\/yoast-seo-wordpress\/ -->\n<title>Inscrit toi \u00e0 notre newsletter - SPORTYNEO<\/title>\n<meta name=\"description\" content=\"Inscrit toi \u00e0 notre newsletter pour faire des \u00e9conomies - SPORTYNEO, solution de paiement en ligne sans frais pour les clubs, assos sportives\" \/>\n<meta name=\"robots\" content=\"index, follow, max-snippet:-1, max-image-preview:large, max-video-preview:-1\" \/>\n<link rel=\"canonical\" href=\"https:\/\/new.sportyneo.com\/en\/newsletter\/\" \/>\n<meta property=\"og:locale\" content=\"en_US\" \/>\n<meta property=\"og:type\" content=\"article\" \/>\n<meta property=\"og:title\" content=\"Inscrit toi \u00e0 notre newsletter - SPORTYNEO\" \/>\n<meta property=\"og:description\" content=\"Inscrit toi \u00e0 notre newsletter pour faire des \u00e9conomies - SPORTYNEO, solution de paiement en ligne sans frais pour les clubs, assos sportives\" \/>\n<meta property=\"og:url\" content=\"https:\/\/new.sportyneo.com\/en\/newsletter\/\" \/>\n<meta property=\"og:site_name\" content=\"Sportyneo\" \/>\n<meta property=\"article:modified_time\" content=\"2025-05-16T15:24:53+00:00\" \/>\n<meta name=\"twitter:card\" content=\"summary_large_image\" \/>\n<meta name=\"twitter:label1\" content=\"Est. reading time\" \/>\n\t<meta name=\"twitter:data1\" content=\"1 minute\" \/>\n<script type=\"application\/ld+json\" class=\"yoast-schema-graph\">{\"@context\":\"https:\\\/\\\/schema.org\",\"@graph\":[{\"@type\":\"WebPage\",\"@id\":\"https:\\\/\\\/new.sportyneo.com\\\/newsletter\\\/\",\"url\":\"https:\\\/\\\/new.sportyneo.com\\\/newsletter\\\/\",\"name\":\"Inscrit toi \u00e0 notre newsletter - SPORTYNEO\",\"isPartOf\":{\"@id\":\"https:\\\/\\\/new.sportyneo.com\\\/#website\"},\"datePublished\":\"2024-11-21T16:44:51+00:00\",\"dateModified\":\"2025-05-16T15:24:53+00:00\",\"description\":\"Inscrit toi \u00e0 notre newsletter pour faire des \u00e9conomies - SPORTYNEO, solution de paiement en ligne sans frais pour les clubs, assos sportives\",\"breadcrumb\":{\"@id\":\"https:\\\/\\\/new.sportyneo.com\\\/newsletter\\\/#breadcrumb\"},\"inLanguage\":\"en-US\",\"potentialAction\":[{\"@type\":\"ReadAction\",\"target\":[\"https:\\\/\\\/new.sportyneo.com\\\/newsletter\\\/\"]}]},{\"@type\":\"BreadcrumbList\",\"@id\":\"https:\\\/\\\/new.sportyneo.com\\\/newsletter\\\/#breadcrumb\",\"itemListElement\":[{\"@type\":\"ListItem\",\"position\":1,\"name\":\"Home\",\"item\":\"https:\\\/\\\/new.sportyneo.com\\\/\"},{\"@type\":\"ListItem\",\"position\":2,\"name\":\"Newsletter\"}]},{\"@type\":\"WebSite\",\"@id\":\"https:\\\/\\\/new.sportyneo.com\\\/#website\",\"url\":\"https:\\\/\\\/new.sportyneo.com\\\/\",\"name\":\"Sportyneo\",\"description\":\"Solutions pour les associations sportives et leurs adh\u00e9rents\",\"publisher\":{\"@id\":\"https:\\\/\\\/new.sportyneo.com\\\/#organization\"},\"potentialAction\":[{\"@type\":\"SearchAction\",\"target\":{\"@type\":\"EntryPoint\",\"urlTemplate\":\"https:\\\/\\\/new.sportyneo.com\\\/?s={search_term_string}\"},\"query-input\":{\"@type\":\"PropertyValueSpecification\",\"valueRequired\":true,\"valueName\":\"search_term_string\"}}],\"inLanguage\":\"en-US\"},{\"@type\":\"Organization\",\"@id\":\"https:\\\/\\\/new.sportyneo.com\\\/#organization\",\"name\":\"Sportyneo\",\"url\":\"https:\\\/\\\/new.sportyneo.com\\\/\",\"logo\":{\"@type\":\"ImageObject\",\"inLanguage\":\"en-US\",\"@id\":\"https:\\\/\\\/new.sportyneo.com\\\/#\\\/schema\\\/logo\\\/image\\\/\",\"url\":\"https:\\\/\\\/new.sportyneo.com\\\/wp-content\\\/uploads\\\/2024\\\/10\\\/cropped-logo-sportyneo-bleu-scaled.png\",\"contentUrl\":\"https:\\\/\\\/new.sportyneo.com\\\/wp-content\\\/uploads\\\/2024\\\/10\\\/cropped-logo-sportyneo-bleu-scaled.png\",\"width\":2560,\"height\":799,\"caption\":\"Sportyneo\"},\"image\":{\"@id\":\"https:\\\/\\\/new.sportyneo.com\\\/#\\\/schema\\\/logo\\\/image\\\/\"}}]}<\/script>\n<!-- \/ Yoast SEO plugin. -->","yoast_head_json":{"title":"Subscribe to our newsletter - SPORTYNEO","description":"Subscribe to our newsletter to save money - SPORTYNEO, free online payment solution for sports clubs and associations","robots":{"index":"index","follow":"follow","max-snippet":"max-snippet:-1","max-image-preview":"max-image-preview:large","max-video-preview":"max-video-preview:-1"},"canonical":"https:\/\/new.sportyneo.com\/en\/newsletter\/","og_locale":"en_US","og_type":"article","og_title":"Inscrit toi \u00e0 notre newsletter - SPORTYNEO","og_description":"Inscrit toi \u00e0 notre newsletter pour faire des \u00e9conomies - SPORTYNEO, solution de paiement en ligne sans frais pour les clubs, assos sportives","og_url":"https:\/\/new.sportyneo.com\/en\/newsletter\/","og_site_name":"Sportyneo","article_modified_time":"2025-05-16T15:24:53+00:00","twitter_card":"summary_large_image","twitter_misc":{"Est. reading time":"1 minute"},"schema":{"@context":"https:\/\/schema.org","@graph":[{"@type":"WebPage","@id":"https:\/\/new.sportyneo.com\/newsletter\/","url":"https:\/\/new.sportyneo.com\/newsletter\/","name":"Subscribe to our newsletter - SPORTYNEO","isPartOf":{"@id":"https:\/\/new.sportyneo.com\/#website"},"datePublished":"2024-11-21T16:44:51+00:00","dateModified":"2025-05-16T15:24:53+00:00","description":"Subscribe to our newsletter to save money - SPORTYNEO, free online payment solution for sports clubs and associations","breadcrumb":{"@id":"https:\/\/new.sportyneo.com\/newsletter\/#breadcrumb"},"inLanguage":"en-US","potentialAction":[{"@type":"ReadAction","target":["https:\/\/new.sportyneo.com\/newsletter\/"]}]},{"@type":"BreadcrumbList","@id":"https:\/\/new.sportyneo.com\/newsletter\/#breadcrumb","itemListElement":[{"@type":"ListItem","position":1,"name":"Home","item":"https:\/\/new.sportyneo.com\/"},{"@type":"ListItem","position":2,"name":"Newsletter"}]},{"@type":"WebSite","@id":"https:\/\/new.sportyneo.com\/#website","url":"https:\/\/new.sportyneo.com\/","name":"Sportyneo","description":"Solutions for sports associations and their members","publisher":{"@id":"https:\/\/new.sportyneo.com\/#organization"},"potentialAction":[{"@type":"SearchAction","target":{"@type":"EntryPoint","urlTemplate":"https:\/\/new.sportyneo.com\/?s={search_term_string}"},"query-input":{"@type":"PropertyValueSpecification","valueRequired":true,"valueName":"search_term_string"}}],"inLanguage":"en-US"},{"@type":"Organization","@id":"https:\/\/new.sportyneo.com\/#organization","name":"Sportyneo","url":"https:\/\/new.sportyneo.com\/","logo":{"@type":"ImageObject","inLanguage":"en-US","@id":"https:\/\/new.sportyneo.com\/#\/schema\/logo\/image\/","url":"https:\/\/new.sportyneo.com\/wp-content\/uploads\/2024\/10\/cropped-logo-sportyneo-bleu-scaled.png","contentUrl":"https:\/\/new.sportyneo.com\/wp-content\/uploads\/2024\/10\/cropped-logo-sportyneo-bleu-scaled.png","width":2560,"height":799,"caption":"Sportyneo"},"image":{"@id":"https:\/\/new.sportyneo.com\/#\/schema\/logo\/image\/"}}]}},"uagb_featured_image_src":{"full":false,"thumbnail":false,"medium":false,"medium_large":false,"large":false,"1536x1536":false,"2048x2048":false,"trp-custom-language-flag":false},"uagb_author_info":{"display_name":"Gr\u00e9goire SPORTYNEO","author_link":"https:\/\/new.sportyneo.com\/en\/author\/communicationsportyneo-com\/"},"uagb_comment_info":0,"uagb_excerpt":"Inscrivez-vous \u00e0 la Newsletter SPORTYNEO Restez inform\u00e9s des derni\u00e8res nouvelles, annonces et bons plans SPORTYNEO. Please enable JavaScript in your browser to complete this form.Email *Comment S&#039;inscire","_links":{"self":[{"href":"https:\/\/new.sportyneo.com\/en\/wp-json\/wp\/v2\/pages\/2674","targetHints":{"allow":["GET"]}}],"collection":[{"href":"https:\/\/new.sportyneo.com\/en\/wp-json\/wp\/v2\/pages"}],"about":[{"href":"https:\/\/new.sportyneo.com\/en\/wp-json\/wp\/v2\/types\/page"}],"author":[{"embeddable":true,"href":"https:\/\/new.sportyneo.com\/en\/wp-json\/wp\/v2\/users\/2"}],"replies":[{"embeddable":true,"href":"https:\/\/new.sportyneo.com\/en\/wp-json\/wp\/v2\/comments?post=2674"}],"version-history":[{"count":10,"href":"https:\/\/new.sportyneo.com\/en\/wp-json\/wp\/v2\/pages\/2674\/revisions"}],"predecessor-version":[{"id":2919,"href":"https:\/\/new.sportyneo.com\/en\/wp-json\/wp\/v2\/pages\/2674\/revisions\/2919"}],"wp:attachment":[{"href":"https:\/\/new.sportyneo.com\/en\/wp-json\/wp\/v2\/media?parent=2674"}],"curies":[{"name":"wp","href":"https:\/\/api.w.org\/{rel}","templated":true}]}}